{"id":22291,"date":"2023-04-12T08:24:06","date_gmt":"2023-04-12T08:24:06","guid":{"rendered":"https:\/\/orache.es\/\/avis-juridique\/"},"modified":"2025-05-20T10:47:13","modified_gmt":"2025-05-20T10:47:13","slug":"avis-juridique","status":"publish","type":"page","link":"https:\/\/orache.es\/fr\/avis-juridique\/","title":{"rendered":"Avis juridique"},"content":{"rendered":"\t\t<div data-elementor-type=\"wp-page\" data-elementor-id=\"22291\" class=\"elementor elementor-22291 elementor-19319\">\n\t\t\t\t\t\t<section class=\"elementor-section elementor-top-section elementor-element elementor-element-2b1184b0 elementor-section-boxed elementor-section-height-default elementor-section-height-default sc_fly_static\" data-id=\"2b1184b0\" data-element_type=\"section\" data-e-type=\"section\" data-settings=\"{&quot;background_background&quot;:&quot;classic&quot;}\">\n\t\t\t\t\t\t<div class=\"elementor-container elementor-column-gap-extended\">\n\t\t\t\t\t<div class=\"elementor-column elementor-col-100 elementor-top-column elementor-element elementor-element-153e1c19 sc_inner_width_none sc_content_align_inherit sc_layouts_column_icons_position_left sc_fly_static\" data-id=\"153e1c19\" data-element_type=\"column\" data-e-type=\"column\">\n\t\t\t<div class=\"elementor-widget-wrap elementor-element-populated\">\n\t\t\t\t\t\t<div class=\"elementor-element elementor-element-cd68637 elementor-widget elementor-widget-heading\" data-id=\"cd68637\" data-element_type=\"widget\" data-e-type=\"widget\" data-widget_type=\"heading.default\">\n\t\t\t\t\t<h1 class=\"elementor-heading-title elementor-size-default\">AVIS JURIDIQUE<\/h1>\t\t\t\t<\/div>\n\t\t\t\t<div class=\"elementor-element elementor-element-2ff130f elementor-widget elementor-widget-spacer\" data-id=\"2ff130f\" data-element_type=\"widget\" data-e-type=\"widget\" data-widget_type=\"spacer.default\">\n\t\t\t\t\t\t\t<div class=\"elementor-spacer\">\n\t\t\t<div class=\"elementor-spacer-inner\"><\/div>\n\t\t<\/div>\n\t\t\t\t\t\t<\/div>\n\t\t\t\t<div class=\"elementor-element elementor-element-9ecdfdb elementor-widget elementor-widget-spacer\" data-id=\"9ecdfdb\" data-element_type=\"widget\" data-e-type=\"widget\" data-widget_type=\"spacer.default\">\n\t\t\t\t\t\t\t<div class=\"elementor-spacer\">\n\t\t\t<div class=\"elementor-spacer-inner\"><\/div>\n\t\t<\/div>\n\t\t\t\t\t\t<\/div>\n\t\t\t\t<div class=\"elementor-element elementor-element-54db29de elementor-widget elementor-widget-text-editor\" data-id=\"54db29de\" data-element_type=\"widget\" data-e-type=\"widget\" data-widget_type=\"text-editor.default\">\n\t\t\t\t\t\t\t\t\t<div class=\"et_pb_module et_pb_text et_pb_text_0 et_pb_text_align_left et_pb_bg_layout_light\">\n<div class=\"et_pb_text_inner\"> <\/div>\n<\/div>\n<div class=\"et_pb_module et_pb_text et_pb_text_1 et_pb_text_align_left et_pb_bg_layout_light\">\n<div class=\"et_pb_text_inner\"><strong>Entit\u00e9 responsable du contenu de ce site Web:<\/strong><\/div>\n<div> <\/div>\n<div class=\"et_pb_text_inner\">\n<p style=\"padding-left: 40px;\">ORACHE DESINFECTION S.L.<br \/>Calle Secor\u00fan n\u00ba 4<br \/>Sabi\u00f1\u00e1nigo 22600 Huesca. Espa\u00f1a<br \/>T\u00e9l\u00e9phone: + 34 974 48 43 29<br \/>Mail: <a href=\"mailto:carol@orache.es\">quedesea@orache.es<\/a><br \/><a href=\"https:\/\/orache.es\/\" data-saferedirecturl=\"https:\/\/www.google.com\/url?q=http:\/\/www.orache.es\/&amp;source=gmail&amp;ust=1527318684901000&amp;usg=AFQjCNEeIFa59EE1vHqrB8M6nlfPWyE3Eg\">www.orache.es<\/a><\/p>\n<p><b><strong>Repr\u00e9sentants autoris\u00e9s:<br \/><\/strong><\/b><\/p>\n<p>Sergio Mayenco Ubieto<\/p>\n<p><b><strong>Adresse fiscale:<\/strong><\/b><\/p>\n<p>ORACHE DESINFECTION S.L.<br \/>Calle Secor\u00fan n\u00ba 4<br \/>Sabi\u00f1\u00e1nigo 22600 Huesca. Espa\u00f1a<\/p>\n<p>Enregistr\u00e9 au Registre du Commerce de Huesca, Volume 392, Livre 0, Folio 117, Page JU-11148, Entr\u00e9e 5 \u2013 CIF: B22373435<\/p>\n<\/div>\n<\/div>\n\t\t\t\t\t\t\t\t<\/div>\n\t\t\t\t\t<\/div>\n\t\t<\/div>\n\t\t\t\t\t<\/div>\n\t\t<\/section>\n\t\t\t\t<\/div>\n\t\t","protected":false},"excerpt":{"rendered":"<p>AVIS JURIDIQUE Entit\u00e9 responsable du contenu de ce site Web: ORACHE DESINFECTION S.L. Calle Secor\u00fan n\u00ba 4 Sabi\u00f1\u00e1nigo 22600 Huesca. Espa\u00f1a T\u00e9l\u00e9phone: + 34 974 48 43 29 Mail: quedesea@orache.es&hellip;<\/p>\n","protected":false},"author":2,"featured_media":0,"parent":0,"menu_order":0,"comment_status":"closed","ping_status":"closed","template":"","meta":{"footnotes":""},"class_list":["post-22291","page","type-page","status-publish","hentry"],"yoast_head":"<!-- This site is optimized with the Yoast SEO plugin v27.4 - https:\/\/yoast.com\/product\/yoast-seo-wordpress\/ -->\n<title>Avis juridique - Orache Desinfection<\/title>\n<meta name=\"robots\" content=\"index, follow, max-snippet:-1, max-image-preview:large, max-video-preview:-1\" \/>\n<link rel=\"canonical\" href=\"https:\/\/orache.es\/fr\/avis-juridique\/\" \/>\n<meta property=\"og:locale\" content=\"fr_FR\" \/>\n<meta property=\"og:type\" content=\"article\" \/>\n<meta property=\"og:title\" content=\"Avis juridique - Orache Desinfection\" \/>\n<meta property=\"og:description\" content=\"AVIS JURIDIQUE Entit\u00e9 responsable du contenu de ce site Web: ORACHE DESINFECTION S.L. Calle Secor\u00fan n\u00ba 4 Sabi\u00f1\u00e1nigo 22600 Huesca. Espa\u00f1a T\u00e9l\u00e9phone: + 34 974 48 43 29 Mail: quedesea@orache.es&hellip;\" \/>\n<meta property=\"og:url\" content=\"https:\/\/orache.es\/fr\/avis-juridique\/\" \/>\n<meta property=\"og:site_name\" content=\"Orache Desinfection\" \/>\n<meta property=\"article:modified_time\" content=\"2025-05-20T10:47:13+00:00\" \/>\n<meta name=\"twitter:card\" content=\"summary_large_image\" \/>\n<meta name=\"twitter:label1\" content=\"Dur\u00e9e de lecture estim\u00e9e\" \/>\n\t<meta name=\"twitter:data1\" content=\"1 minute\" \/>\n<script type=\"application\/ld+json\" class=\"yoast-schema-graph\">{\"@context\":\"https:\\\/\\\/schema.org\",\"@graph\":[{\"@type\":\"WebPage\",\"@id\":\"https:\\\/\\\/orache.es\\\/fr\\\/avis-juridique\\\/\",\"url\":\"https:\\\/\\\/orache.es\\\/fr\\\/avis-juridique\\\/\",\"name\":\"Avis juridique - Orache Desinfection\",\"isPartOf\":{\"@id\":\"https:\\\/\\\/orache.es\\\/fr\\\/#website\"},\"datePublished\":\"2023-04-12T08:24:06+00:00\",\"dateModified\":\"2025-05-20T10:47:13+00:00\",\"breadcrumb\":{\"@id\":\"https:\\\/\\\/orache.es\\\/fr\\\/avis-juridique\\\/#breadcrumb\"},\"inLanguage\":\"fr-FR\",\"potentialAction\":[{\"@type\":\"ReadAction\",\"target\":[\"https:\\\/\\\/orache.es\\\/fr\\\/avis-juridique\\\/\"]}]},{\"@type\":\"BreadcrumbList\",\"@id\":\"https:\\\/\\\/orache.es\\\/fr\\\/avis-juridique\\\/#breadcrumb\",\"itemListElement\":[{\"@type\":\"ListItem\",\"position\":1,\"name\":\"Portada\",\"item\":\"https:\\\/\\\/orache.es\\\/fr\\\/\"},{\"@type\":\"ListItem\",\"position\":2,\"name\":\"Avis juridique\"}]},{\"@type\":\"WebSite\",\"@id\":\"https:\\\/\\\/orache.es\\\/fr\\\/#website\",\"url\":\"https:\\\/\\\/orache.es\\\/fr\\\/\",\"name\":\"Orache Desinfection\",\"description\":\"Fabricantes de productos de limpieza\",\"publisher\":{\"@id\":\"https:\\\/\\\/orache.es\\\/fr\\\/#organization\"},\"potentialAction\":[{\"@type\":\"SearchAction\",\"target\":{\"@type\":\"EntryPoint\",\"urlTemplate\":\"https:\\\/\\\/orache.es\\\/fr\\\/?s={search_term_string}\"},\"query-input\":{\"@type\":\"PropertyValueSpecification\",\"valueRequired\":true,\"valueName\":\"search_term_string\"}}],\"inLanguage\":\"fr-FR\"},{\"@type\":\"Organization\",\"@id\":\"https:\\\/\\\/orache.es\\\/fr\\\/#organization\",\"name\":\"Orache Desinfection\",\"url\":\"https:\\\/\\\/orache.es\\\/fr\\\/\",\"logo\":{\"@type\":\"ImageObject\",\"inLanguage\":\"fr-FR\",\"@id\":\"https:\\\/\\\/orache.es\\\/fr\\\/#\\\/schema\\\/logo\\\/image\\\/\",\"url\":\"https:\\\/\\\/orache.es\\\/cms\\\/wp-content\\\/uploads\\\/2023\\\/03\\\/logo-1.png\",\"contentUrl\":\"https:\\\/\\\/orache.es\\\/cms\\\/wp-content\\\/uploads\\\/2023\\\/03\\\/logo-1.png\",\"width\":1166,\"height\":545,\"caption\":\"Orache Desinfection\"},\"image\":{\"@id\":\"https:\\\/\\\/orache.es\\\/fr\\\/#\\\/schema\\\/logo\\\/image\\\/\"}}]}<\/script>\n<!-- \/ Yoast SEO plugin. -->","yoast_head_json":{"title":"Avis juridique - Orache Desinfection","robots":{"index":"index","follow":"follow","max-snippet":"max-snippet:-1","max-image-preview":"max-image-preview:large","max-video-preview":"max-video-preview:-1"},"canonical":"https:\/\/orache.es\/fr\/avis-juridique\/","og_locale":"fr_FR","og_type":"article","og_title":"Avis juridique - Orache Desinfection","og_description":"AVIS JURIDIQUE Entit\u00e9 responsable du contenu de ce site Web: ORACHE DESINFECTION S.L. Calle Secor\u00fan n\u00ba 4 Sabi\u00f1\u00e1nigo 22600 Huesca. Espa\u00f1a T\u00e9l\u00e9phone: + 34 974 48 43 29 Mail: quedesea@orache.es&hellip;","og_url":"https:\/\/orache.es\/fr\/avis-juridique\/","og_site_name":"Orache Desinfection","article_modified_time":"2025-05-20T10:47:13+00:00","twitter_card":"summary_large_image","twitter_misc":{"Dur\u00e9e de lecture estim\u00e9e":"1 minute"},"schema":{"@context":"https:\/\/schema.org","@graph":[{"@type":"WebPage","@id":"https:\/\/orache.es\/fr\/avis-juridique\/","url":"https:\/\/orache.es\/fr\/avis-juridique\/","name":"Avis juridique - Orache Desinfection","isPartOf":{"@id":"https:\/\/orache.es\/fr\/#website"},"datePublished":"2023-04-12T08:24:06+00:00","dateModified":"2025-05-20T10:47:13+00:00","breadcrumb":{"@id":"https:\/\/orache.es\/fr\/avis-juridique\/#breadcrumb"},"inLanguage":"fr-FR","potentialAction":[{"@type":"ReadAction","target":["https:\/\/orache.es\/fr\/avis-juridique\/"]}]},{"@type":"BreadcrumbList","@id":"https:\/\/orache.es\/fr\/avis-juridique\/#breadcrumb","itemListElement":[{"@type":"ListItem","position":1,"name":"Portada","item":"https:\/\/orache.es\/fr\/"},{"@type":"ListItem","position":2,"name":"Avis juridique"}]},{"@type":"WebSite","@id":"https:\/\/orache.es\/fr\/#website","url":"https:\/\/orache.es\/fr\/","name":"Orache Desinfection","description":"Fabricantes de productos de limpieza","publisher":{"@id":"https:\/\/orache.es\/fr\/#organization"},"potentialAction":[{"@type":"SearchAction","target":{"@type":"EntryPoint","urlTemplate":"https:\/\/orache.es\/fr\/?s={search_term_string}"},"query-input":{"@type":"PropertyValueSpecification","valueRequired":true,"valueName":"search_term_string"}}],"inLanguage":"fr-FR"},{"@type":"Organization","@id":"https:\/\/orache.es\/fr\/#organization","name":"Orache Desinfection","url":"https:\/\/orache.es\/fr\/","logo":{"@type":"ImageObject","inLanguage":"fr-FR","@id":"https:\/\/orache.es\/fr\/#\/schema\/logo\/image\/","url":"https:\/\/orache.es\/cms\/wp-content\/uploads\/2023\/03\/logo-1.png","contentUrl":"https:\/\/orache.es\/cms\/wp-content\/uploads\/2023\/03\/logo-1.png","width":1166,"height":545,"caption":"Orache Desinfection"},"image":{"@id":"https:\/\/orache.es\/fr\/#\/schema\/logo\/image\/"}}]}},"_links":{"self":[{"href":"https:\/\/orache.es\/fr\/wp-json\/wp\/v2\/pages\/22291","targetHints":{"allow":["GET"]}}],"collection":[{"href":"https:\/\/orache.es\/fr\/wp-json\/wp\/v2\/pages"}],"about":[{"href":"https:\/\/orache.es\/fr\/wp-json\/wp\/v2\/types\/page"}],"author":[{"embeddable":true,"href":"https:\/\/orache.es\/fr\/wp-json\/wp\/v2\/users\/2"}],"replies":[{"embeddable":true,"href":"https:\/\/orache.es\/fr\/wp-json\/wp\/v2\/comments?post=22291"}],"version-history":[{"count":1,"href":"https:\/\/orache.es\/fr\/wp-json\/wp\/v2\/pages\/22291\/revisions"}],"predecessor-version":[{"id":38448,"href":"https:\/\/orache.es\/fr\/wp-json\/wp\/v2\/pages\/22291\/revisions\/38448"}],"wp:attachment":[{"href":"https:\/\/orache.es\/fr\/wp-json\/wp\/v2\/media?parent=22291"}],"curies":[{"name":"wp","href":"https:\/\/api.w.org\/{rel}","templated":true}]}}