{"id":22311,"date":"2023-04-04T14:37:22","date_gmt":"2023-04-04T14:37:22","guid":{"rendered":"https:\/\/orache.es\/\/contact\/"},"modified":"2025-05-20T10:26:42","modified_gmt":"2025-05-20T10:26:42","slug":"contact","status":"publish","type":"page","link":"https:\/\/orache.es\/fr\/contact\/","title":{"rendered":"Contact"},"content":{"rendered":"\t\t<div data-elementor-type=\"wp-page\" data-elementor-id=\"22311\" class=\"elementor elementor-22311 elementor-19283\">\n\t\t\t\t\t\t<section class=\"elementor-section elementor-top-section elementor-element elementor-element-4017222 elementor-section-full_width scheme_dark elementor-section-height-min-height elementor-section-height-default elementor-section-items-middle sc_fly_static\" data-id=\"4017222\" data-element_type=\"section\" data-e-type=\"section\" data-settings=\"{&quot;background_background&quot;:&quot;classic&quot;}\">\n\t\t\t\t\t\t\t<div class=\"elementor-background-overlay\"><\/div>\n\t\t\t\t\t\t\t<div class=\"elementor-container elementor-column-gap-extended\">\n\t\t\t\t\t<div class=\"elementor-column elementor-col-100 elementor-top-column elementor-element elementor-element-53f3977 sc_inner_width_none sc_content_align_inherit sc_layouts_column_icons_position_left sc_fly_static\" data-id=\"53f3977\" data-element_type=\"column\" data-e-type=\"column\">\n\t\t\t<div class=\"elementor-widget-wrap elementor-element-populated\">\n\t\t\t\t\t\t<div class=\"elementor-element elementor-element-451b79d elementor-widget elementor-widget-spacer\" data-id=\"451b79d\" data-element_type=\"widget\" data-e-type=\"widget\" data-widget_type=\"spacer.default\">\n\t\t\t\t\t\t\t<div class=\"elementor-spacer\">\n\t\t\t<div class=\"elementor-spacer-inner\"><\/div>\n\t\t<\/div>\n\t\t\t\t\t\t<\/div>\n\t\t\t\t<section class=\"elementor-section elementor-inner-section elementor-element elementor-element-39a3d68 elementor-section-boxed elementor-section-height-default elementor-section-height-default sc_fly_static\" data-id=\"39a3d68\" data-element_type=\"section\" data-e-type=\"section\">\n\t\t\t\t\t\t<div class=\"elementor-container elementor-column-gap-extended\">\n\t\t\t\t\t<div class=\"elementor-column elementor-col-16 elementor-inner-column elementor-element elementor-element-e2db00e sc_inner_width_none sc_content_align_inherit sc_layouts_column_icons_position_left sc_fly_static\" data-id=\"e2db00e\" data-element_type=\"column\" data-e-type=\"column\">\n\t\t\t<div class=\"elementor-widget-wrap\">\n\t\t\t\t\t\t\t<\/div>\n\t\t<\/div>\n\t\t\t\t<div class=\"elementor-column elementor-col-66 elementor-inner-column elementor-element elementor-element-6faa6a0 sc_inner_width_none sc_content_align_inherit sc_layouts_column_icons_position_left sc_fly_static\" data-id=\"6faa6a0\" data-element_type=\"column\" data-e-type=\"column\">\n\t\t\t<div class=\"elementor-widget-wrap elementor-element-populated\">\n\t\t\t\t\t\t<div class=\"elementor-element elementor-element-43e3f57 elementor-widget elementor-widget-text-editor\" data-id=\"43e3f57\" data-element_type=\"widget\" data-e-type=\"widget\" data-widget_type=\"text-editor.default\">\n\t\t\t\t\t\t\t\t\t<h1><span style=\"color: #000000;\">Nous voulons vous entendre<\/span><\/h1>\n<strong><span style=\"font-size:20px;\">Nous rendons l&rsquo;innovation possible gr\u00e2ce au retour d&rsquo;information pr\u00e9cieux de nos clients, de nos partenaires et du reste de la soci\u00e9t\u00e9 : vous pouvez nous envoyer n&rsquo;importe quel message et nous le traiterons avec toute notre attention.<\/strong>\t\t\t\t\t\t\t\t<\/div>\n\t\t\t\t\t<\/div>\n\t\t<\/div>\n\t\t\t\t<div class=\"elementor-column elementor-col-16 elementor-inner-column elementor-element elementor-element-7c0aaee sc_inner_width_none sc_content_align_inherit sc_layouts_column_icons_position_left sc_fly_static\" data-id=\"7c0aaee\" data-element_type=\"column\" data-e-type=\"column\">\n\t\t\t<div class=\"elementor-widget-wrap\">\n\t\t\t\t\t\t\t<\/div>\n\t\t<\/div>\n\t\t\t\t\t<\/div>\n\t\t<\/section>\n\t\t\t\t<div class=\"elementor-element elementor-element-6c22fbb elementor-widget elementor-widget-spacer\" data-id=\"6c22fbb\" data-element_type=\"widget\" data-e-type=\"widget\" data-widget_type=\"spacer.default\">\n\t\t\t\t\t\t\t<div class=\"elementor-spacer\">\n\t\t\t<div class=\"elementor-spacer-inner\"><\/div>\n\t\t<\/div>\n\t\t\t\t\t\t<\/div>\n\t\t\t\t\t<\/div>\n\t\t<\/div>\n\t\t\t\t\t<\/div>\n\t\t<\/section>\n\t\t\t\t<section class=\"elementor-section elementor-top-section elementor-element elementor-element-07505bc elementor-section-boxed elementor-section-height-default elementor-section-height-default sc_fly_static\" data-id=\"07505bc\" data-element_type=\"section\" data-e-type=\"section\">\n\t\t\t\t\t\t<div class=\"elementor-container elementor-column-gap-extended\">\n\t\t\t\t\t<div class=\"elementor-column elementor-col-100 elementor-top-column elementor-element elementor-element-e81588a sc_inner_width_none sc_content_align_inherit sc_layouts_column_icons_position_left sc_fly_static\" data-id=\"e81588a\" data-element_type=\"column\" data-e-type=\"column\">\n\t\t\t<div class=\"elementor-widget-wrap elementor-element-populated\">\n\t\t\t\t\t\t<div class=\"elementor-element elementor-element-c75e150 sc_height_huge elementor-widget elementor-widget-spacer\" data-id=\"c75e150\" data-element_type=\"widget\" data-e-type=\"widget\" data-widget_type=\"spacer.default\">\n\t\t\t\t\t\t\t<div class=\"elementor-spacer\">\n\t\t\t<div class=\"elementor-spacer-inner\"><\/div>\n\t\t<\/div>\n\t\t\t\t\t\t<\/div>\n\t\t\t\t\t<\/div>\n\t\t<\/div>\n\t\t\t\t\t<\/div>\n\t\t<\/section>\n\t\t\t\t<section class=\"elementor-section elementor-top-section elementor-element elementor-element-22588fb elementor-section-content-top elementor-section-boxed elementor-section-height-default elementor-section-height-default sc_fly_static\" data-id=\"22588fb\" data-element_type=\"section\" data-e-type=\"section\">\n\t\t\t\t\t\t<div class=\"elementor-container elementor-column-gap-wider\">\n\t\t\t\t\t<div class=\"elementor-column elementor-col-50 elementor-top-column elementor-element elementor-element-c836f8f sc_inner_width_none sc_content_align_inherit sc_layouts_column_icons_position_left sc_fly_static\" data-id=\"c836f8f\" data-element_type=\"column\" data-e-type=\"column\">\n\t\t\t<div class=\"elementor-widget-wrap elementor-element-populated\">\n\t\t\t\t\t\t<div class=\"elementor-element elementor-element-386555d elementor-widget elementor-widget-heading\" data-id=\"386555d\" data-element_type=\"widget\" data-e-type=\"widget\" data-widget_type=\"heading.default\">\n\t\t\t\t\t<h2 class=\"elementor-heading-title elementor-size-default\">Contactez-nous<\/h2>\t\t\t\t<\/div>\n\t\t\t\t<div class=\"elementor-element elementor-element-774865c sc_height_small elementor-widget elementor-widget-spacer\" data-id=\"774865c\" data-element_type=\"widget\" data-e-type=\"widget\" data-widget_type=\"spacer.default\">\n\t\t\t\t\t\t\t<div class=\"elementor-spacer\">\n\t\t\t<div class=\"elementor-spacer-inner\"><\/div>\n\t\t<\/div>\n\t\t\t\t\t\t<\/div>\n\t\t\t\t<div class=\"elementor-element elementor-element-12b970b elementor-widget elementor-widget-text-editor\" data-id=\"12b970b\" data-element_type=\"widget\" data-e-type=\"widget\" data-widget_type=\"text-editor.default\">\n\t\t\t\t\t\t\t\t\t<p>Si vous avez quelque chose \u00e0 nous dire, nous sommes impatients de vous entendre. Envoyez-nous votre message via le formulaire: toute suggestion ou proposition d\u2019am\u00e9lioration sera g\u00e9r\u00e9e par l\u2019\u00e9quipe correspondante.<\/p>\n\t\t\t\t\t\t\t\t<\/div>\n\t\t\t\t\t<\/div>\n\t\t<\/div>\n\t\t\t\t<div class=\"elementor-column elementor-col-50 elementor-top-column elementor-element elementor-element-8038e3c sc_content_align_right sc_inner_width_none sc_layouts_column_icons_position_left sc_fly_static\" data-id=\"8038e3c\" data-element_type=\"column\" data-e-type=\"column\">\n\t\t\t<div class=\"elementor-widget-wrap elementor-element-populated\">\n\t\t\t\t\t\t<div class=\"elementor-element elementor-element-1a35211 sc_fly_static elementor-widget elementor-widget-trx_sc_contact_form_7\" data-id=\"1a35211\" data-element_type=\"widget\" data-e-type=\"widget\" data-widget_type=\"trx_sc_contact_form_7.default\">\n\t\t\t\t<div class=\"elementor-widget-container\">\n\t\t\t\t\t\n<div class=\"wpcf7 no-js\" id=\"wpcf7-f22902-o1\" lang=\"fr-FR\" dir=\"ltr\" data-wpcf7-id=\"22902\">\n<div class=\"screen-reader-response\"><p role=\"status\" aria-live=\"polite\" aria-atomic=\"true\"><\/p> <ul><\/ul><\/div>\n<form action=\"\/fr\/wp-json\/wp\/v2\/pages\/22311#wpcf7-f22902-o1\" method=\"post\" class=\"wpcf7-form init\" aria-label=\"Formulaire de contact\" novalidate=\"novalidate\" data-status=\"init\">\n<fieldset class=\"hidden-fields-container\"><input type=\"hidden\" name=\"_wpcf7\" value=\"22902\" \/><input type=\"hidden\" name=\"_wpcf7_version\" value=\"6.1.5\" \/><input type=\"hidden\" name=\"_wpcf7_locale\" value=\"fr_FR\" \/><input type=\"hidden\" name=\"_wpcf7_unit_tag\" value=\"wpcf7-f22902-o1\" \/><input type=\"hidden\" name=\"_wpcf7_container_post\" value=\"0\" \/><input type=\"hidden\" name=\"_wpcf7_posted_data_hash\" value=\"\" \/>\n<\/fieldset>\n<div class=\"wpcf7-turnstile cf-turnstile\" data-sitekey=\"0x4AAAAAAB5FH-vipzgroqy5\" data-response-field-name=\"_wpcf7_turnstile_response\"><\/div>\n\n<div class=\"form-style-3\">\n\t<div class=\"columns_wrap\">\n\t\t<div class=\"column-1_2\">\n\t\t\t<p><span class=\"style-line icon-name\"><span class=\"wpcf7-form-control-wrap\" data-name=\"your-name\"><input size=\"40\" maxlength=\"400\" class=\"wpcf7-form-control wpcf7-text wpcf7-validates-as-required\" aria-required=\"true\" aria-invalid=\"false\" placeholder=\"Nom\" value=\"\" type=\"text\" name=\"your-name\" \/><\/span><\/span>\n\t\t\t<\/p>\n\t\t<\/div>\n\t\t<div class=\"column-1_2\">\n\t\t\t<p><span class=\"style-line icon-email\"><span class=\"wpcf7-form-control-wrap\" data-name=\"your-email\"><input size=\"40\" maxlength=\"400\" class=\"wpcf7-form-control wpcf7-email wpcf7-validates-as-required wpcf7-text wpcf7-validates-as-email\" aria-required=\"true\" aria-invalid=\"false\" placeholder=\"Email\" value=\"\" type=\"email\" name=\"your-email\" \/><\/span><\/span>\n\t\t\t<\/p>\n\t\t<\/div>\n\t<\/div>\n\t<div class=\"columns_wrap\">\n\t\t<div class=\"column-1_2\">\n\t\t\t<p><span class=\"style-line icon-phone\"><span class=\"wpcf7-form-control-wrap\" data-name=\"phone\"><input size=\"40\" maxlength=\"400\" class=\"wpcf7-form-control wpcf7-tel wpcf7-validates-as-required wpcf7-text wpcf7-validates-as-tel\" aria-required=\"true\" aria-invalid=\"false\" placeholder=\"T\u00e9l\u00e9phone\" value=\"\" type=\"tel\" name=\"phone\" \/><\/span><\/span>\n\t\t\t<\/p>\n\t\t<\/div>\n\t\t<div class=\"column-1_2\">\n\t\t\t<p><span class=\"style-line icon-subject\"><span class=\"wpcf7-form-control-wrap\" data-name=\"subject\"><input size=\"40\" maxlength=\"400\" class=\"wpcf7-form-control wpcf7-text wpcf7-validates-as-required\" aria-required=\"true\" aria-invalid=\"false\" placeholder=\"Entreprise\" value=\"\" type=\"text\" name=\"subject\" \/><\/span><\/span>\n\t\t\t<\/p>\n\t\t<\/div>\n\t<\/div>\n\t<div class=\"columns_wrap margin-bottom\">\n\t\t<div class=\"column-1_1\">\n\t\t\t<p><span class=\"style-line icon-textarea\"><span class=\"wpcf7-form-control-wrap\" data-name=\"your-message\"><textarea cols=\"40\" rows=\"10\" maxlength=\"2000\" class=\"wpcf7-form-control wpcf7-textarea wpcf7-validates-as-required\" aria-required=\"true\" aria-invalid=\"false\" placeholder=\"Envoyez-nous votre message\" name=\"your-message\"><\/textarea><\/span><\/span>\n\t\t\t<\/p>\n\t\t<\/div>\n\t<\/div>\n\t<p><input class=\"wpcf7-form-control wpcf7-submit has-spinner\" type=\"submit\" value=\"Enviar\" \/><span class=\"wpcf7-form-control-wrap\" data-name=\"acceptance\"><span class=\"wpcf7-form-control wpcf7-acceptance\"><span class=\"wpcf7-list-item\"><label><input type=\"checkbox\" name=\"acceptance\" value=\"1\" aria-invalid=\"false\" \/><span class=\"wpcf7-list-item-label\">J'ai lu et j'accepte la <a href=\"\/privacy-policy\/\">politique de confidentialit\u00e9<\/a>.<\/span><\/label><\/span><\/span><\/span>\n\t<\/p>\n<\/div><div class=\"wpcf7-response-output\" aria-hidden=\"true\"><\/div>\n<\/form>\n<\/div>\n\t\t\t\t<\/div>\n\t\t\t\t<\/div>\n\t\t\t\t\t<\/div>\n\t\t<\/div>\n\t\t\t\t\t<\/div>\n\t\t<\/section>\n\t\t\t\t<section class=\"elementor-section elementor-top-section elementor-element elementor-element-23d9360 elementor-section-boxed elementor-section-height-default elementor-section-height-default sc_fly_static\" data-id=\"23d9360\" data-element_type=\"section\" data-e-type=\"section\">\n\t\t\t\t\t\t<div class=\"elementor-container elementor-column-gap-extended\">\n\t\t\t\t\t<div class=\"elementor-column elementor-col-100 elementor-top-column elementor-element elementor-element-cf35b02 sc_inner_width_none sc_content_align_inherit sc_layouts_column_icons_position_left sc_fly_static\" data-id=\"cf35b02\" data-element_type=\"column\" data-e-type=\"column\">\n\t\t\t<div class=\"elementor-widget-wrap elementor-element-populated\">\n\t\t\t\t\t\t<div class=\"elementor-element elementor-element-d99a166 sc_height_huge elementor-widget elementor-widget-spacer\" data-id=\"d99a166\" data-element_type=\"widget\" data-e-type=\"widget\" data-widget_type=\"spacer.default\">\n\t\t\t\t\t\t\t<div class=\"elementor-spacer\">\n\t\t\t<div class=\"elementor-spacer-inner\"><\/div>\n\t\t<\/div>\n\t\t\t\t\t\t<\/div>\n\t\t\t\t\t<\/div>\n\t\t<\/div>\n\t\t\t\t\t<\/div>\n\t\t<\/section>\n\t\t\t\t<section class=\"elementor-section elementor-top-section elementor-element elementor-element-f64454e elementor-section-boxed elementor-section-height-default elementor-section-height-default sc_fly_static\" data-id=\"f64454e\" data-element_type=\"section\" data-e-type=\"section\">\n\t\t\t\t\t\t<div class=\"elementor-container elementor-column-gap-extended\">\n\t\t\t\t\t<div class=\"elementor-column elementor-col-100 elementor-top-column elementor-element elementor-element-337bcf1 sc_inner_width_none sc_content_align_inherit sc_layouts_column_icons_position_left sc_fly_static\" data-id=\"337bcf1\" data-element_type=\"column\" data-e-type=\"column\">\n\t\t\t<div class=\"elementor-widget-wrap elementor-element-populated\">\n\t\t\t\t\t\t<div class=\"elementor-element elementor-element-7b4b663 sc_fly_static elementor-widget elementor-widget-trx_sc_icons\" data-id=\"7b4b663\" data-element_type=\"widget\" data-e-type=\"widget\" data-widget_type=\"trx_sc_icons.default\">\n\t\t\t\t<div class=\"elementor-widget-container\">\n\t\t\t\t\t<div \tclass=\"sc_icons sc_icons_default sc_icons_size_medium sc_align_center\" ><div class=\"sc_icons_item\"><div class=\"sc_icons_icon sc_icon_type_ icon-location-light\" ><span class=\"sc_icon_type_ icon-location-light\"><\/span><\/div><div class=\"sc_icons_item_details\"><h4 class=\"sc_icons_item_title\"><span>Quartier g\u00e9n\u00e9ral<\/span><\/h4><div class=\"sc_icons_item_description\"><span>Calle Secor\u00fan 4, 22600<\/span><span>Sabi\u00f1\u00e1nigo, Huesca (Espa\u00f1a)<\/span><span><\/span><span>Appelez-nous: (+34) 974 484 329<\/span><span>Lundi-Vendredi de 7:00AM jusqu\u2019\u00e0 3:00PM CEST<\/span><\/div><\/div><\/div><\/div><!-- \/.sc_icons -->\t\t\t\t<\/div>\n\t\t\t\t<\/div>\n\t\t\t\t<div class=\"elementor-element elementor-element-785636e sc_height_huge elementor-widget elementor-widget-spacer\" data-id=\"785636e\" data-element_type=\"widget\" data-e-type=\"widget\" data-widget_type=\"spacer.default\">\n\t\t\t\t\t\t\t<div class=\"elementor-spacer\">\n\t\t\t<div class=\"elementor-spacer-inner\"><\/div>\n\t\t<\/div>\n\t\t\t\t\t\t<\/div>\n\t\t\t\t<div class=\"elementor-element elementor-element-f2c4eac elementor-widget elementor-widget-google_maps\" data-id=\"f2c4eac\" data-element_type=\"widget\" data-e-type=\"widget\" data-widget_type=\"google_maps.default\">\n\t\t\t\t\t\t\t<div class=\"elementor-custom-embed\">\n\t\t\t<iframe loading=\"lazy\"\n\t\t\t\t\tsrc=\"https:\/\/maps.google.com\/maps?q=Orache%20Desinfection%20SL%20C.%20Secor%C3%BAn%2C%204%2C%2022600%20Sabi%C3%B1%C3%A1nigo%2C%20Huesca&#038;t=m&#038;z=14&#038;output=embed&#038;iwloc=near\"\n\t\t\t\t\ttitle=\"Orache Desinfection SL C. Secor\u00fan, 4, 22600 Sabi\u00f1\u00e1nigo, Huesca\"\n\t\t\t\t\taria-label=\"Orache Desinfection SL C. Secor\u00fan, 4, 22600 Sabi\u00f1\u00e1nigo, Huesca\"\n\t\t\t><\/iframe>\n\t\t<\/div>\n\t\t\t\t\t\t<\/div>\n\t\t\t\t<div class=\"elementor-element elementor-element-b82ff4f sc_height_huge elementor-widget elementor-widget-spacer\" data-id=\"b82ff4f\" data-element_type=\"widget\" data-e-type=\"widget\" data-widget_type=\"spacer.default\">\n\t\t\t\t\t\t\t<div class=\"elementor-spacer\">\n\t\t\t<div class=\"elementor-spacer-inner\"><\/div>\n\t\t<\/div>\n\t\t\t\t\t\t<\/div>\n\t\t\t\t\t<\/div>\n\t\t<\/div>\n\t\t\t\t\t<\/div>\n\t\t<\/section>\n\t\t\t\t<\/div>\n\t\t","protected":false},"excerpt":{"rendered":"<p>Nous voulons vous entendre Nous rendons l&rsquo;innovation possible gr\u00e2ce au retour d&rsquo;information pr\u00e9cieux de nos clients, de nos partenaires et du reste de la soci\u00e9t\u00e9 : vous pouvez nous envoyer&hellip;<\/p>\n","protected":false},"author":2,"featured_media":19747,"parent":0,"menu_order":0,"comment_status":"closed","ping_status":"closed","template":"","meta":{"footnotes":""},"class_list":["post-22311","page","type-page","status-publish","has-post-thumbnail","hentry"],"yoast_head":"<!-- This site is optimized with the Yoast SEO plugin v27.4 - https:\/\/yoast.com\/product\/yoast-seo-wordpress\/ -->\n<title>Contact - Orache Desinfection<\/title>\n<meta name=\"robots\" content=\"index, follow, max-snippet:-1, max-image-preview:large, max-video-preview:-1\" \/>\n<link rel=\"canonical\" href=\"https:\/\/orache.es\/fr\/contact\/\" \/>\n<meta property=\"og:locale\" content=\"fr_FR\" \/>\n<meta property=\"og:type\" content=\"article\" \/>\n<meta property=\"og:title\" content=\"Contact - Orache Desinfection\" \/>\n<meta property=\"og:description\" content=\"Nous voulons vous entendre Nous rendons l&rsquo;innovation possible gr\u00e2ce au retour d&rsquo;information pr\u00e9cieux de nos clients, de nos partenaires et du reste de la soci\u00e9t\u00e9 : vous pouvez nous envoyer&hellip;\" \/>\n<meta property=\"og:url\" content=\"https:\/\/orache.es\/fr\/contact\/\" \/>\n<meta property=\"og:site_name\" content=\"Orache Desinfection\" \/>\n<meta property=\"article:modified_time\" content=\"2025-05-20T10:26:42+00:00\" \/>\n<meta property=\"og:image\" content=\"https:\/\/orache.es\/cms\/wp-content\/uploads\/2023\/04\/instalaciones_almacen-3.jpg\" \/>\n\t<meta property=\"og:image:width\" content=\"1200\" \/>\n\t<meta property=\"og:image:height\" content=\"500\" \/>\n\t<meta property=\"og:image:type\" content=\"image\/jpeg\" \/>\n<meta name=\"twitter:card\" content=\"summary_large_image\" \/>\n<meta name=\"twitter:label1\" content=\"Dur\u00e9e de lecture estim\u00e9e\" \/>\n\t<meta name=\"twitter:data1\" content=\"1 minute\" \/>\n<script type=\"application\/ld+json\" class=\"yoast-schema-graph\">{\"@context\":\"https:\\\/\\\/schema.org\",\"@graph\":[{\"@type\":\"WebPage\",\"@id\":\"https:\\\/\\\/orache.es\\\/fr\\\/contact\\\/\",\"url\":\"https:\\\/\\\/orache.es\\\/fr\\\/contact\\\/\",\"name\":\"Contact - Orache Desinfection\",\"isPartOf\":{\"@id\":\"https:\\\/\\\/orache.es\\\/fr\\\/#website\"},\"primaryImageOfPage\":{\"@id\":\"https:\\\/\\\/orache.es\\\/fr\\\/contact\\\/#primaryimage\"},\"image\":{\"@id\":\"https:\\\/\\\/orache.es\\\/fr\\\/contact\\\/#primaryimage\"},\"thumbnailUrl\":\"https:\\\/\\\/orache.es\\\/cms\\\/wp-content\\\/uploads\\\/2023\\\/04\\\/instalaciones_almacen-3.jpg\",\"datePublished\":\"2023-04-04T14:37:22+00:00\",\"dateModified\":\"2025-05-20T10:26:42+00:00\",\"breadcrumb\":{\"@id\":\"https:\\\/\\\/orache.es\\\/fr\\\/contact\\\/#breadcrumb\"},\"inLanguage\":\"fr-FR\",\"potentialAction\":[{\"@type\":\"ReadAction\",\"target\":[\"https:\\\/\\\/orache.es\\\/fr\\\/contact\\\/\"]}]},{\"@type\":\"ImageObject\",\"inLanguage\":\"fr-FR\",\"@id\":\"https:\\\/\\\/orache.es\\\/fr\\\/contact\\\/#primaryimage\",\"url\":\"https:\\\/\\\/orache.es\\\/cms\\\/wp-content\\\/uploads\\\/2023\\\/04\\\/instalaciones_almacen-3.jpg\",\"contentUrl\":\"https:\\\/\\\/orache.es\\\/cms\\\/wp-content\\\/uploads\\\/2023\\\/04\\\/instalaciones_almacen-3.jpg\",\"width\":1200,\"height\":500,\"caption\":\"Collection de jouets pour ceux qui en ont le plus besoin pour No\u00ebl - instalaciones_almacen-3.jpg\"},{\"@type\":\"BreadcrumbList\",\"@id\":\"https:\\\/\\\/orache.es\\\/fr\\\/contact\\\/#breadcrumb\",\"itemListElement\":[{\"@type\":\"ListItem\",\"position\":1,\"name\":\"Portada\",\"item\":\"https:\\\/\\\/orache.es\\\/fr\\\/\"},{\"@type\":\"ListItem\",\"position\":2,\"name\":\"Contact\"}]},{\"@type\":\"WebSite\",\"@id\":\"https:\\\/\\\/orache.es\\\/fr\\\/#website\",\"url\":\"https:\\\/\\\/orache.es\\\/fr\\\/\",\"name\":\"Orache Desinfection\",\"description\":\"Fabricantes de productos de limpieza\",\"publisher\":{\"@id\":\"https:\\\/\\\/orache.es\\\/fr\\\/#organization\"},\"potentialAction\":[{\"@type\":\"SearchAction\",\"target\":{\"@type\":\"EntryPoint\",\"urlTemplate\":\"https:\\\/\\\/orache.es\\\/fr\\\/?s={search_term_string}\"},\"query-input\":{\"@type\":\"PropertyValueSpecification\",\"valueRequired\":true,\"valueName\":\"search_term_string\"}}],\"inLanguage\":\"fr-FR\"},{\"@type\":\"Organization\",\"@id\":\"https:\\\/\\\/orache.es\\\/fr\\\/#organization\",\"name\":\"Orache Desinfection\",\"url\":\"https:\\\/\\\/orache.es\\\/fr\\\/\",\"logo\":{\"@type\":\"ImageObject\",\"inLanguage\":\"fr-FR\",\"@id\":\"https:\\\/\\\/orache.es\\\/fr\\\/#\\\/schema\\\/logo\\\/image\\\/\",\"url\":\"https:\\\/\\\/orache.es\\\/cms\\\/wp-content\\\/uploads\\\/2023\\\/03\\\/logo-1.png\",\"contentUrl\":\"https:\\\/\\\/orache.es\\\/cms\\\/wp-content\\\/uploads\\\/2023\\\/03\\\/logo-1.png\",\"width\":1166,\"height\":545,\"caption\":\"Orache Desinfection\"},\"image\":{\"@id\":\"https:\\\/\\\/orache.es\\\/fr\\\/#\\\/schema\\\/logo\\\/image\\\/\"}}]}<\/script>\n<!-- \/ Yoast SEO plugin. -->","yoast_head_json":{"title":"Contact - Orache Desinfection","robots":{"index":"index","follow":"follow","max-snippet":"max-snippet:-1","max-image-preview":"max-image-preview:large","max-video-preview":"max-video-preview:-1"},"canonical":"https:\/\/orache.es\/fr\/contact\/","og_locale":"fr_FR","og_type":"article","og_title":"Contact - Orache Desinfection","og_description":"Nous voulons vous entendre Nous rendons l&rsquo;innovation possible gr\u00e2ce au retour d&rsquo;information pr\u00e9cieux de nos clients, de nos partenaires et du reste de la soci\u00e9t\u00e9 : vous pouvez nous envoyer&hellip;","og_url":"https:\/\/orache.es\/fr\/contact\/","og_site_name":"Orache Desinfection","article_modified_time":"2025-05-20T10:26:42+00:00","og_image":[{"width":1200,"height":500,"url":"https:\/\/orache.es\/cms\/wp-content\/uploads\/2023\/04\/instalaciones_almacen-3.jpg","type":"image\/jpeg"}],"twitter_card":"summary_large_image","twitter_misc":{"Dur\u00e9e de lecture estim\u00e9e":"1 minute"},"schema":{"@context":"https:\/\/schema.org","@graph":[{"@type":"WebPage","@id":"https:\/\/orache.es\/fr\/contact\/","url":"https:\/\/orache.es\/fr\/contact\/","name":"Contact - Orache Desinfection","isPartOf":{"@id":"https:\/\/orache.es\/fr\/#website"},"primaryImageOfPage":{"@id":"https:\/\/orache.es\/fr\/contact\/#primaryimage"},"image":{"@id":"https:\/\/orache.es\/fr\/contact\/#primaryimage"},"thumbnailUrl":"https:\/\/orache.es\/cms\/wp-content\/uploads\/2023\/04\/instalaciones_almacen-3.jpg","datePublished":"2023-04-04T14:37:22+00:00","dateModified":"2025-05-20T10:26:42+00:00","breadcrumb":{"@id":"https:\/\/orache.es\/fr\/contact\/#breadcrumb"},"inLanguage":"fr-FR","potentialAction":[{"@type":"ReadAction","target":["https:\/\/orache.es\/fr\/contact\/"]}]},{"@type":"ImageObject","inLanguage":"fr-FR","@id":"https:\/\/orache.es\/fr\/contact\/#primaryimage","url":"https:\/\/orache.es\/cms\/wp-content\/uploads\/2023\/04\/instalaciones_almacen-3.jpg","contentUrl":"https:\/\/orache.es\/cms\/wp-content\/uploads\/2023\/04\/instalaciones_almacen-3.jpg","width":1200,"height":500,"caption":"Collection de jouets pour ceux qui en ont le plus besoin pour No\u00ebl - instalaciones_almacen-3.jpg"},{"@type":"BreadcrumbList","@id":"https:\/\/orache.es\/fr\/contact\/#breadcrumb","itemListElement":[{"@type":"ListItem","position":1,"name":"Portada","item":"https:\/\/orache.es\/fr\/"},{"@type":"ListItem","position":2,"name":"Contact"}]},{"@type":"WebSite","@id":"https:\/\/orache.es\/fr\/#website","url":"https:\/\/orache.es\/fr\/","name":"Orache Desinfection","description":"Fabricantes de productos de limpieza","publisher":{"@id":"https:\/\/orache.es\/fr\/#organization"},"potentialAction":[{"@type":"SearchAction","target":{"@type":"EntryPoint","urlTemplate":"https:\/\/orache.es\/fr\/?s={search_term_string}"},"query-input":{"@type":"PropertyValueSpecification","valueRequired":true,"valueName":"search_term_string"}}],"inLanguage":"fr-FR"},{"@type":"Organization","@id":"https:\/\/orache.es\/fr\/#organization","name":"Orache Desinfection","url":"https:\/\/orache.es\/fr\/","logo":{"@type":"ImageObject","inLanguage":"fr-FR","@id":"https:\/\/orache.es\/fr\/#\/schema\/logo\/image\/","url":"https:\/\/orache.es\/cms\/wp-content\/uploads\/2023\/03\/logo-1.png","contentUrl":"https:\/\/orache.es\/cms\/wp-content\/uploads\/2023\/03\/logo-1.png","width":1166,"height":545,"caption":"Orache Desinfection"},"image":{"@id":"https:\/\/orache.es\/fr\/#\/schema\/logo\/image\/"}}]}},"_links":{"self":[{"href":"https:\/\/orache.es\/fr\/wp-json\/wp\/v2\/pages\/22311","targetHints":{"allow":["GET"]}}],"collection":[{"href":"https:\/\/orache.es\/fr\/wp-json\/wp\/v2\/pages"}],"about":[{"href":"https:\/\/orache.es\/fr\/wp-json\/wp\/v2\/types\/page"}],"author":[{"embeddable":true,"href":"https:\/\/orache.es\/fr\/wp-json\/wp\/v2\/users\/2"}],"replies":[{"embeddable":true,"href":"https:\/\/orache.es\/fr\/wp-json\/wp\/v2\/comments?post=22311"}],"version-history":[{"count":1,"href":"https:\/\/orache.es\/fr\/wp-json\/wp\/v2\/pages\/22311\/revisions"}],"predecessor-version":[{"id":38389,"href":"https:\/\/orache.es\/fr\/wp-json\/wp\/v2\/pages\/22311\/revisions\/38389"}],"wp:featuredmedia":[{"embeddable":true,"href":"https:\/\/orache.es\/fr\/wp-json\/wp\/v2\/media\/19747"}],"wp:attachment":[{"href":"https:\/\/orache.es\/fr\/wp-json\/wp\/v2\/media?parent=22311"}],"curies":[{"name":"wp","href":"https:\/\/api.w.org\/{rel}","templated":true}]}}